{"id":956,"date":"2026-02-16T14:34:30","date_gmt":"2026-02-16T14:34:30","guid":{"rendered":"https:\/\/weser-aktivhotel-corvey.de\/?page_id=956"},"modified":"2026-02-27T13:20:22","modified_gmt":"2026-02-27T13:20:22","slug":"zusammenkommen","status":"publish","type":"page","link":"https:\/\/weser-aktivhotel-corvey.de\/en\/zusammenkommen\/","title":{"rendered":"Feiern und Zusammenkommen"},"content":{"rendered":"<div data-elementor-type=\"wp-page\" data-elementor-id=\"956\" class=\"elementor elementor-956\">\n\t\t\t\t<div class=\"elementor-element elementor-element-aa79e8d e-flex e-con-boxed e-con e-parent\" data-id=\"aa79e8d\" data-element_type=\"container\" data-e-type=\"container\" data-settings=\"{&quot;hoteller_ext_is_background_parallax&quot;:&quot;false&quot;,&quot;hoteller_ext_is_background_backdrop&quot;:&quot;false&quot;,&quot;hoteller_ext_is_background_on_scroll&quot;:&quot;false&quot;,&quot;hoteller_ext_link_sidemenu&quot;:&quot;false&quot;,&quot;hoteller_ext_link_fullmenu&quot;:&quot;false&quot;,&quot;hoteller_ext_link_closed_fullmenu&quot;:&quot;false&quot;,&quot;hoteller_ext_is_scrollme&quot;:&quot;false&quot;,&quot;hoteller_ext_is_smoove&quot;:&quot;false&quot;,&quot;hoteller_ext_is_parallax_mouse&quot;:&quot;false&quot;,&quot;hoteller_ext_is_infinite&quot;:&quot;false&quot;,&quot;hoteller_ext_is_fadeout_animation&quot;:&quot;false&quot;,&quot;hoteller_ext_mobile_static&quot;:&quot;false&quot;}\">\n\t\t\t\t\t<div class=\"e-con-inner\">\n\t\t\t\t<div class=\"elementor-element elementor-element-fe02d71 elementor-widget elementor-widget-heading\" data-id=\"fe02d71\" data-element_type=\"widget\" data-e-type=\"widget\" data-settings=\"{&quot;hoteller_ext_link_sidemenu&quot;:&quot;false&quot;,&quot;hoteller_ext_link_fullmenu&quot;:&quot;false&quot;,&quot;hoteller_ext_link_closed_fullmenu&quot;:&quot;false&quot;,&quot;hoteller_ext_is_scrollme&quot;:&quot;false&quot;,&quot;hoteller_ext_is_smoove&quot;:&quot;false&quot;,&quot;hoteller_ext_is_parallax_mouse&quot;:&quot;false&quot;,&quot;hoteller_ext_is_infinite&quot;:&quot;false&quot;,&quot;hoteller_ext_is_fadeout_animation&quot;:&quot;false&quot;,&quot;hoteller_ext_mobile_static&quot;:&quot;false&quot;}\" data-widget_type=\"heading.default\">\n\t\t\t\t\t<div class=\"elementor-heading-title elementor-size-default\">Gemeinsam aktiv. Gemeinsam genie\u00dfen.<\/div>\t\t\t\t<\/div>\n\t\t\t\t<div class=\"elementor-element elementor-element-6631d66 elementor-widget elementor-widget-heading\" data-id=\"6631d66\" data-element_type=\"widget\" data-e-type=\"widget\" data-settings=\"{&quot;hoteller_ext_link_sidemenu&quot;:&quot;false&quot;,&quot;hoteller_ext_link_fullmenu&quot;:&quot;false&quot;,&quot;hoteller_ext_link_closed_fullmenu&quot;:&quot;false&quot;,&quot;hoteller_ext_is_scrollme&quot;:&quot;false&quot;,&quot;hoteller_ext_is_smoove&quot;:&quot;false&quot;,&quot;hoteller_ext_is_parallax_mouse&quot;:&quot;false&quot;,&quot;hoteller_ext_is_infinite&quot;:&quot;false&quot;,&quot;hoteller_ext_is_fadeout_animation&quot;:&quot;false&quot;,&quot;hoteller_ext_mobile_static&quot;:&quot;false&quot;}\" data-widget_type=\"heading.default\">\n\t\t\t\t\t<h1 class=\"elementor-heading-title elementor-size-default\">Feiern aller Art<\/h1>\t\t\t\t<\/div>\n\t\t\t\t\t<\/div>\n\t\t\t\t<\/div>\n\t\t<div class=\"elementor-element elementor-element-c6e8325 e-con-full e-flex e-con e-parent\" data-id=\"c6e8325\" data-element_type=\"container\" data-e-type=\"container\" data-settings=\"{&quot;hoteller_ext_is_background_parallax&quot;:&quot;false&quot;,&quot;hoteller_ext_is_background_backdrop&quot;:&quot;false&quot;,&quot;hoteller_ext_is_background_on_scroll&quot;:&quot;false&quot;,&quot;hoteller_ext_link_sidemenu&quot;:&quot;false&quot;,&quot;hoteller_ext_link_fullmenu&quot;:&quot;false&quot;,&quot;hoteller_ext_link_closed_fullmenu&quot;:&quot;false&quot;,&quot;hoteller_ext_is_scrollme&quot;:&quot;false&quot;,&quot;hoteller_ext_is_smoove&quot;:&quot;false&quot;,&quot;hoteller_ext_is_parallax_mouse&quot;:&quot;false&quot;,&quot;hoteller_ext_is_infinite&quot;:&quot;false&quot;,&quot;hoteller_ext_is_fadeout_animation&quot;:&quot;false&quot;,&quot;hoteller_ext_mobile_static&quot;:&quot;false&quot;}\">\n\t\t\t\t<div class=\"elementor-element elementor-element-b240b5f elementor-widget elementor-widget-hoteller-gallery-horizontal\" data-id=\"b240b5f\" data-element_type=\"widget\" data-e-type=\"widget\" data-settings=\"{&quot;hoteller_ext_link_sidemenu&quot;:&quot;false&quot;,&quot;hoteller_ext_link_fullmenu&quot;:&quot;false&quot;,&quot;hoteller_ext_link_closed_fullmenu&quot;:&quot;false&quot;,&quot;hoteller_ext_is_scrollme&quot;:&quot;false&quot;,&quot;hoteller_ext_is_smoove&quot;:&quot;false&quot;,&quot;hoteller_ext_is_parallax_mouse&quot;:&quot;false&quot;,&quot;hoteller_ext_is_infinite&quot;:&quot;false&quot;,&quot;hoteller_ext_is_fadeout_animation&quot;:&quot;false&quot;,&quot;hoteller_ext_mobile_static&quot;:&quot;false&quot;}\" data-widget_type=\"hoteller-gallery-horizontal.default\">\n\t\t\t\t<div class=\"elementor-widget-container\">\n\t\t\t\t\t<div class=\"tg_horizontal_gallery_wrapper\" data-autoplay=\"0\" data-loop=\"0\" data-navigation=\"1\" data-pagination=\"0\" data-parallax=\"0\" data-fullscreen=\"0\">\n\t\t<div class=\"tg_horizontal_gallery_cell\" style=\"margin-right:40px\">\n\t\t\t\t\t\t<img class=\"tg_horizontal_gallery_cell_img\" data-flickity-lazyload=\"https:\/\/weser-aktivhotel-corvey.de\/wp-content\/uploads\/2026\/02\/Feiern-und-Zusammenkommen-768x1024.jpg\" alt=\"\" style=\"height:600px;\" \/>\n\t\t\t\t\t<\/div>\n\t\t<div class=\"tg_horizontal_gallery_cell\" style=\"margin-right:40px\">\n\t\t\t\t\t\t<img class=\"tg_horizontal_gallery_cell_img\" data-flickity-lazyload=\"https:\/\/weser-aktivhotel-corvey.de\/wp-content\/uploads\/2026\/02\/Feiern-und-Zusammenkommen-2-576x1024.jpg\" alt=\"\" style=\"height:600px;\" \/>\n\t\t\t\t\t<\/div>\n\t\t<div class=\"tg_horizontal_gallery_cell\" style=\"margin-right:40px\">\n\t\t\t\t\t\t<img class=\"tg_horizontal_gallery_cell_img\" data-flickity-lazyload=\"https:\/\/weser-aktivhotel-corvey.de\/wp-content\/uploads\/2026\/02\/Feiern-und-Zusammenkommen-3-768x1024.jpg\" alt=\"\" style=\"height:600px;\" \/>\n\t\t\t\t\t<\/div>\n\t\t<div class=\"tg_horizontal_gallery_cell\" style=\"margin-right:40px\">\n\t\t\t\t\t\t<img class=\"tg_horizontal_gallery_cell_img\" data-flickity-lazyload=\"https:\/\/weser-aktivhotel-corvey.de\/wp-content\/uploads\/2026\/02\/Feiern-und-Zusammenkommen-4-1024x684.jpg\" alt=\"\" style=\"height:600px;\" \/>\n\t\t\t\t\t<\/div>\n\t\t<div class=\"tg_horizontal_gallery_cell\" style=\"margin-right:40px\">\n\t\t\t\t\t\t<img class=\"tg_horizontal_gallery_cell_img\" data-flickity-lazyload=\"https:\/\/weser-aktivhotel-corvey.de\/wp-content\/uploads\/2026\/02\/Feiern-uns-Zusammenkommen-768x1024.jpg\" alt=\"\" style=\"height:600px;\" \/>\n\t\t\t\t\t<\/div>\n\t\t<div class=\"tg_horizontal_gallery_cell\" style=\"margin-right:40px\">\n\t\t\t\t\t\t<img class=\"tg_horizontal_gallery_cell_img\" data-flickity-lazyload=\"https:\/\/weser-aktivhotel-corvey.de\/wp-content\/uploads\/2026\/02\/Foto-3-1024x576.jpg\" alt=\"\" style=\"height:600px;\" \/>\n\t\t\t\t\t<\/div>\n<\/div>\n\t\t\t\t<\/div>\n\t\t\t\t<\/div>\n\t\t\t\t<\/div>\n\t\t<div class=\"elementor-element elementor-element-a4d3866 e-flex e-con-boxed e-con e-parent\" data-id=\"a4d3866\" data-element_type=\"container\" data-e-type=\"container\" data-settings=\"{&quot;hoteller_ext_is_background_parallax&quot;:&quot;false&quot;,&quot;hoteller_ext_is_background_backdrop&quot;:&quot;false&quot;,&quot;hoteller_ext_is_background_on_scroll&quot;:&quot;false&quot;,&quot;hoteller_ext_link_sidemenu&quot;:&quot;false&quot;,&quot;hoteller_ext_link_fullmenu&quot;:&quot;false&quot;,&quot;hoteller_ext_link_closed_fullmenu&quot;:&quot;false&quot;,&quot;hoteller_ext_is_scrollme&quot;:&quot;false&quot;,&quot;hoteller_ext_is_smoove&quot;:&quot;false&quot;,&quot;hoteller_ext_is_parallax_mouse&quot;:&quot;false&quot;,&quot;hoteller_ext_is_infinite&quot;:&quot;false&quot;,&quot;hoteller_ext_is_fadeout_animation&quot;:&quot;false&quot;,&quot;hoteller_ext_mobile_static&quot;:&quot;false&quot;}\">\n\t\t\t\t\t<div class=\"e-con-inner\">\n\t\t\t\t<div class=\"elementor-element elementor-element-cc3d839 elementor-widget elementor-widget-heading\" data-id=\"cc3d839\" data-element_type=\"widget\" data-e-type=\"widget\" data-settings=\"{&quot;hoteller_ext_link_sidemenu&quot;:&quot;false&quot;,&quot;hoteller_ext_link_fullmenu&quot;:&quot;false&quot;,&quot;hoteller_ext_link_closed_fullmenu&quot;:&quot;false&quot;,&quot;hoteller_ext_is_scrollme&quot;:&quot;false&quot;,&quot;hoteller_ext_is_smoove&quot;:&quot;false&quot;,&quot;hoteller_ext_is_parallax_mouse&quot;:&quot;false&quot;,&quot;hoteller_ext_is_infinite&quot;:&quot;false&quot;,&quot;hoteller_ext_is_fadeout_animation&quot;:&quot;false&quot;,&quot;hoteller_ext_mobile_static&quot;:&quot;false&quot;}\" data-widget_type=\"heading.default\">\n\t\t\t\t\t<h2 class=\"elementor-heading-title elementor-size-default\">Feiern aller Art im Weser-Aktivhotel-Corvey<\/h2>\t\t\t\t<\/div>\n\t\t\t\t<div class=\"elementor-element elementor-element-851acda elementor-widget elementor-widget-image\" data-id=\"851acda\" data-element_type=\"widget\" data-e-type=\"widget\" data-settings=\"{&quot;hoteller_image_is_animation&quot;:&quot;false&quot;,&quot;hoteller_ext_link_sidemenu&quot;:&quot;false&quot;,&quot;hoteller_ext_link_fullmenu&quot;:&quot;false&quot;,&quot;hoteller_ext_link_closed_fullmenu&quot;:&quot;false&quot;,&quot;hoteller_ext_is_scrollme&quot;:&quot;false&quot;,&quot;hoteller_ext_is_smoove&quot;:&quot;false&quot;,&quot;hoteller_ext_is_parallax_mouse&quot;:&quot;false&quot;,&quot;hoteller_ext_is_infinite&quot;:&quot;false&quot;,&quot;hoteller_ext_is_fadeout_animation&quot;:&quot;false&quot;,&quot;hoteller_ext_mobile_static&quot;:&quot;false&quot;}\" data-widget_type=\"image.default\">\n\t\t\t\t\t\t\t\t\t\t\t\t\t\t\t<img fetchpriority=\"high\" decoding=\"async\" width=\"768\" height=\"576\" src=\"https:\/\/weser-aktivhotel-corvey.de\/wp-content\/uploads\/2026\/02\/d1f1d20a-6ec5-46c2-9343-a3bf720e0b84-768x576.jpg\" class=\"attachment-medium_large size-medium_large wp-image-1012\" alt=\"\" srcset=\"https:\/\/weser-aktivhotel-corvey.de\/wp-content\/uploads\/2026\/02\/d1f1d20a-6ec5-46c2-9343-a3bf720e0b84-768x576.jpg 768w, https:\/\/weser-aktivhotel-corvey.de\/wp-content\/uploads\/2026\/02\/d1f1d20a-6ec5-46c2-9343-a3bf720e0b84-300x225.jpg 300w, https:\/\/weser-aktivhotel-corvey.de\/wp-content\/uploads\/2026\/02\/d1f1d20a-6ec5-46c2-9343-a3bf720e0b84-1024x768.jpg 1024w, https:\/\/weser-aktivhotel-corvey.de\/wp-content\/uploads\/2026\/02\/d1f1d20a-6ec5-46c2-9343-a3bf720e0b84-1536x1152.jpg 1536w, https:\/\/weser-aktivhotel-corvey.de\/wp-content\/uploads\/2026\/02\/d1f1d20a-6ec5-46c2-9343-a3bf720e0b84-2048x1536.jpg 2048w, https:\/\/weser-aktivhotel-corvey.de\/wp-content\/uploads\/2026\/02\/d1f1d20a-6ec5-46c2-9343-a3bf720e0b84-16x12.jpg 16w, https:\/\/weser-aktivhotel-corvey.de\/wp-content\/uploads\/2026\/02\/d1f1d20a-6ec5-46c2-9343-a3bf720e0b84-440x330.jpg 440w\" sizes=\"(max-width: 768px) 100vw, 768px\" \/>\t\t\t\t\t\t\t\t\t\t\t\t\t\t\t<\/div>\n\t\t\t\t<div class=\"elementor-element elementor-element-5d68d00 elementor-widget__width-inherit elementor-widget elementor-widget-text-editor\" data-id=\"5d68d00\" data-element_type=\"widget\" data-e-type=\"widget\" data-settings=\"{&quot;hoteller_ext_link_sidemenu&quot;:&quot;false&quot;,&quot;hoteller_ext_link_fullmenu&quot;:&quot;false&quot;,&quot;hoteller_ext_link_closed_fullmenu&quot;:&quot;false&quot;,&quot;hoteller_ext_is_scrollme&quot;:&quot;false&quot;,&quot;hoteller_ext_is_smoove&quot;:&quot;false&quot;,&quot;hoteller_ext_is_parallax_mouse&quot;:&quot;false&quot;,&quot;hoteller_ext_is_infinite&quot;:&quot;false&quot;,&quot;hoteller_ext_is_fadeout_animation&quot;:&quot;false&quot;,&quot;hoteller_ext_mobile_static&quot;:&quot;false&quot;}\" data-widget_type=\"text-editor.default\">\n\t\t\t\t\t\t\t\t\t<p>Bei uns kannst du feiern, was es zu feiern gibt.<span class=\"Apple-converted-space\">\u00a0<\/span><\/p><p>Ob im Innenbereich oder auf unserer gro\u00dfz\u00fcgigen Terrasse. Bei uns findest du den passenden Rahmen f\u00fcr unvergessliche Feiern in entspannter Atmosph\u00e4re.<span class=\"Apple-converted-space\">\u00a0<\/span><\/p><p>Mit oder ohne \u00dcbernachtung m\u00f6glich. Wir k\u00fcmmern uns um Organisation, Essen und Aktivit\u00e4ten.<span class=\"Apple-converted-space\">\u00a0<\/span><\/p><p><b>Innenbereich \u2013 Essraum<span class=\"Apple-converted-space\">\u00a0<\/span><\/b><b><\/b><\/p><ul><li>Sitzpl\u00e4tze f\u00fcr bis zu <b>50 Personen <\/b><\/li><li>Platz zum Tanzen und Buffet\u00a0<\/li><\/ul><p><b>Au\u00dfenbereich \u2013 Gro\u00dfe Terrasse<span class=\"Apple-converted-space\">\u00a0<\/span><\/b><b><\/b><\/p><ul><li>Platz f\u00fcr bis zu <b>90 Personen <\/b><\/li><li>Ideal f\u00fcr Sommerfeste, Grillabende und Feiern im Freien<\/li><li>Zeltwiese mit Lagerfeuer<\/li><li>Platz f\u00fcr Spiele\u00a0<\/li><\/ul><p><b>Feiern mit oder ohne \u00dcbernachtung<span class=\"Apple-converted-space\">\u00a0<\/span><\/b><b><\/b><\/p><p>Du kannst deine Feier ganz flexibel planen:<span class=\"Apple-converted-space\">\u00a0<\/span><\/p><ul><li><b>Mit \u00dcbernachtung <\/b>in unserem Hotel oder auf der Zeltwiese<\/li><li><b>Oder ohne \u00dcbernachtung<\/b>, ganz nach deinem Wunsch\u00a0<\/li><\/ul><p>Unser Hotel verf\u00fcgt \u00fcber <b>8 Zimmer mit insgesamt 34 Betten<\/b>.<span class=\"Apple-converted-space\">\u00a0<\/span><\/p><p>Ideal f\u00fcr Familien, Freunde oder Gruppen, die nach der Feier entspannt bleiben m\u00f6chten.<\/p><p><b>Freizeit &amp; Umgebung<span class=\"Apple-converted-space\">\u00a0<\/span><\/b><b><\/b><\/p><p>Direkt nebenan findest du den Kanuverleih Krome Kanu. Perfekt, um deine Feier mit einem besonderen aktiven Erlebnis zu verbinden.<span class=\"Apple-converted-space\">\u00a0<\/span><\/p><p>Der Weserradweg l\u00e4dt au\u00dferdem zu Radtouren und Spazierg\u00e4ngen ein.<span class=\"Apple-converted-space\">\u00a0<\/span><\/p><p><b>Deine W\u00fcnsche stehen im Mittelpunkt<span class=\"Apple-converted-space\">\u00a0<\/span><\/b><b><\/b><\/p><p>Jede Feier ist so individuell wie die Menschen, die sie feiern.<span class=\"Apple-converted-space\">\u00a0<\/span><\/p><p>Gemeinsam mit dir planen wir deine Feier Schritt f\u00fcr Schritt. Ganz gleich, ob du schon klare Ideen hast oder noch Inspiration suchst. Wir nehmen uns Zeit f\u00fcr deine Fragen, beraten dich ehrlich und finden zusammen die L\u00f6sung, die zu dir und deinem Anlass passt.<span class=\"Apple-converted-space\">\u00a0<\/span><\/p><p>Unser Ziel ist es, dass deine Feier genau so wird, wie du sie dir vorstellst: entspannt, pers\u00f6nlich und unvergesslich.<span class=\"Apple-converted-space\">\u00a0<\/span><\/p>\t\t\t\t\t\t\t\t<\/div>\n\t\t\t\t<div class=\"elementor-element elementor-element-865b663 elementor-align-center elementor-widget elementor-widget-button\" data-id=\"865b663\" data-element_type=\"widget\" data-e-type=\"widget\" data-settings=\"{&quot;hoteller_ext_link_sidemenu&quot;:&quot;false&quot;,&quot;hoteller_ext_link_fullmenu&quot;:&quot;false&quot;,&quot;hoteller_ext_link_closed_fullmenu&quot;:&quot;false&quot;,&quot;hoteller_ext_is_scrollme&quot;:&quot;false&quot;,&quot;hoteller_ext_is_smoove&quot;:&quot;false&quot;,&quot;hoteller_ext_is_parallax_mouse&quot;:&quot;false&quot;,&quot;hoteller_ext_is_infinite&quot;:&quot;false&quot;,&quot;hoteller_ext_is_fadeout_animation&quot;:&quot;false&quot;,&quot;hoteller_ext_mobile_static&quot;:&quot;false&quot;}\" data-widget_type=\"button.default\">\n\t\t\t\t\t\t\t\t\t\t<a class=\"elementor-button elementor-button-link elementor-size-sm\" href=\"https:\/\/weser-aktivhotel-corvey.de\/en\/kontakt\/\">\n\t\t\t\t\t\t<span class=\"elementor-button-content-wrapper\">\n\t\t\t\t\t\t<span class=\"elementor-button-icon\">\n\t\t\t\t<svg aria-hidden=\"true\" class=\"e-font-icon-svg e-far-paper-plane\" viewbox=\"0 0 512 512\" xmlns=\"http:\/\/www.w3.org\/2000\/svg\"><path d=\"M440 6.5L24 246.4c-34.4 19.9-31.1 70.8 5.7 85.9L144 379.6V464c0 46.4 59.2 65.5 86.6 28.6l43.8-59.1 111.9 46.2c5.9 2.4 12.1 3.6 18.3 3.6 8.2 0 16.3-2.1 23.6-6.2 12.8-7.2 21.6-20 23.9-34.5l59.4-387.2c6.1-40.1-36.9-68.8-71.5-48.9zM192 464v-64.6l36.6 15.1L192 464zm212.6-28.7l-153.8-63.5L391 169.5c10.7-15.5-9.5-33.5-23.7-21.2L155.8 332.6 48 288 464 48l-59.4 387.3z\"><\/path><\/svg>\t\t\t<\/span>\n\t\t\t\t\t\t\t\t\t<span class=\"elementor-button-text\">Jetzt direkt anfragen<\/span>\n\t\t\t\t\t<\/span>\n\t\t\t\t\t<\/a>\n\t\t\t\t\t\t\t\t<\/div>\n\t\t\t\t\t<\/div>\n\t\t\t\t<\/div>\n\t\t\t\t<\/div>","protected":false},"excerpt":{"rendered":"<p>Gemeinsam aktiv. Gemeinsam genie\u00dfen. Feiern aller Art Feiern aller Art im Weser-Aktivhotel-Corvey Bei uns kannst du feiern, was es zu feiern gibt.\u00a0 Ob im Innenbereich oder auf unserer gro\u00dfz\u00fcgigen Terrasse. Bei uns findest du den passenden Rahmen f\u00fcr unvergessliche Feiern [&hellip;]<\/p>\n","protected":false},"author":1,"featured_media":0,"parent":0,"menu_order":0,"comment_status":"closed","ping_status":"closed","template":"elementor_header_footer","meta":{"footnotes":""},"class_list":["post-956","page","type-page","status-publish","hentry"],"_links":{"self":[{"href":"https:\/\/weser-aktivhotel-corvey.de\/en\/wp-json\/wp\/v2\/pages\/956","targetHints":{"allow":["GET"]}}],"collection":[{"href":"https:\/\/weser-aktivhotel-corvey.de\/en\/wp-json\/wp\/v2\/pages"}],"about":[{"href":"https:\/\/weser-aktivhotel-corvey.de\/en\/wp-json\/wp\/v2\/types\/page"}],"author":[{"embeddable":true,"href":"https:\/\/weser-aktivhotel-corvey.de\/en\/wp-json\/wp\/v2\/users\/1"}],"replies":[{"embeddable":true,"href":"https:\/\/weser-aktivhotel-corvey.de\/en\/wp-json\/wp\/v2\/comments?post=956"}],"version-history":[{"count":11,"href":"https:\/\/weser-aktivhotel-corvey.de\/en\/wp-json\/wp\/v2\/pages\/956\/revisions"}],"predecessor-version":[{"id":1086,"href":"https:\/\/weser-aktivhotel-corvey.de\/en\/wp-json\/wp\/v2\/pages\/956\/revisions\/1086"}],"wp:attachment":[{"href":"https:\/\/weser-aktivhotel-corvey.de\/en\/wp-json\/wp\/v2\/media?parent=956"}],"curies":[{"name":"wp","href":"https:\/\/api.w.org\/{rel}","templated":true}]}}