{"id":436,"date":"2023-09-21T06:50:09","date_gmt":"2023-09-21T06:50:09","guid":{"rendered":"https:\/\/hotellerv6-5.themegoods.com\/airport\/?page_id=436"},"modified":"2026-03-19T16:52:13","modified_gmt":"2026-03-19T16:52:13","slug":"ueber","status":"publish","type":"page","link":"https:\/\/weser-aktivhotel-corvey.de\/en\/ueber\/","title":{"rendered":"\u00dcber Uns"},"content":{"rendered":"<div data-elementor-type=\"wp-page\" data-elementor-id=\"436\" class=\"elementor elementor-436\">\n\t\t\t\t<div class=\"elementor-element elementor-element-cbb9fd1 e-flex e-con-boxed e-con e-parent\" data-id=\"cbb9fd1\" data-element_type=\"container\" data-e-type=\"container\" data-settings=\"{&quot;hoteller_ext_is_background_parallax&quot;:&quot;false&quot;,&quot;hoteller_ext_is_background_backdrop&quot;:&quot;false&quot;,&quot;hoteller_ext_is_background_on_scroll&quot;:&quot;false&quot;,&quot;hoteller_ext_link_sidemenu&quot;:&quot;false&quot;,&quot;hoteller_ext_link_fullmenu&quot;:&quot;false&quot;,&quot;hoteller_ext_link_closed_fullmenu&quot;:&quot;false&quot;,&quot;hoteller_ext_is_scrollme&quot;:&quot;false&quot;,&quot;hoteller_ext_is_smoove&quot;:&quot;false&quot;,&quot;hoteller_ext_is_parallax_mouse&quot;:&quot;false&quot;,&quot;hoteller_ext_is_infinite&quot;:&quot;false&quot;,&quot;hoteller_ext_is_fadeout_animation&quot;:&quot;false&quot;,&quot;hoteller_ext_mobile_static&quot;:&quot;false&quot;}\">\n\t\t\t\t\t<div class=\"e-con-inner\">\n\t\t\t\t<div class=\"elementor-element elementor-element-673af97 elementor-widget elementor-widget-heading\" data-id=\"673af97\" data-element_type=\"widget\" data-e-type=\"widget\" data-settings=\"{&quot;hoteller_ext_link_sidemenu&quot;:&quot;false&quot;,&quot;hoteller_ext_link_fullmenu&quot;:&quot;false&quot;,&quot;hoteller_ext_link_closed_fullmenu&quot;:&quot;false&quot;,&quot;hoteller_ext_is_scrollme&quot;:&quot;false&quot;,&quot;hoteller_ext_is_smoove&quot;:&quot;false&quot;,&quot;hoteller_ext_is_parallax_mouse&quot;:&quot;false&quot;,&quot;hoteller_ext_is_infinite&quot;:&quot;false&quot;,&quot;hoteller_ext_is_fadeout_animation&quot;:&quot;false&quot;,&quot;hoteller_ext_mobile_static&quot;:&quot;false&quot;}\" data-widget_type=\"heading.default\">\n\t\t\t\t\t<h2 class=\"elementor-heading-title elementor-size-default\">Mit Mut begonnen, mit Herz gef\u00fchrt<\/h2>\t\t\t\t<\/div>\n\t\t\t\t<div class=\"elementor-element elementor-element-51eb7b0 elementor-widget__width-inherit elementor-widget elementor-widget-text-editor\" data-id=\"51eb7b0\" data-element_type=\"widget\" data-e-type=\"widget\" data-settings=\"{&quot;hoteller_ext_link_sidemenu&quot;:&quot;false&quot;,&quot;hoteller_ext_link_fullmenu&quot;:&quot;false&quot;,&quot;hoteller_ext_link_closed_fullmenu&quot;:&quot;false&quot;,&quot;hoteller_ext_is_scrollme&quot;:&quot;false&quot;,&quot;hoteller_ext_is_smoove&quot;:&quot;false&quot;,&quot;hoteller_ext_is_parallax_mouse&quot;:&quot;false&quot;,&quot;hoteller_ext_is_infinite&quot;:&quot;false&quot;,&quot;hoteller_ext_is_fadeout_animation&quot;:&quot;false&quot;,&quot;hoteller_ext_mobile_static&quot;:&quot;false&quot;}\" data-widget_type=\"text-editor.default\">\n\t\t\t\t\t\t\t\t\t<p><em>Manchmal beginnt eine neue Geschichte genau dann, wenn die Zeiten am unsichersten sind.<\/em><\/p>\t\t\t\t\t\t\t\t<\/div>\n\t\t\t\t<div class=\"elementor-element elementor-element-b64e5d0 elementor-widget__width-inherit elementor-widget elementor-widget-text-editor\" data-id=\"b64e5d0\" data-element_type=\"widget\" data-e-type=\"widget\" data-settings=\"{&quot;hoteller_ext_link_sidemenu&quot;:&quot;false&quot;,&quot;hoteller_ext_link_fullmenu&quot;:&quot;false&quot;,&quot;hoteller_ext_link_closed_fullmenu&quot;:&quot;false&quot;,&quot;hoteller_ext_is_scrollme&quot;:&quot;false&quot;,&quot;hoteller_ext_is_smoove&quot;:&quot;false&quot;,&quot;hoteller_ext_is_parallax_mouse&quot;:&quot;false&quot;,&quot;hoteller_ext_is_infinite&quot;:&quot;false&quot;,&quot;hoteller_ext_is_fadeout_animation&quot;:&quot;false&quot;,&quot;hoteller_ext_mobile_static&quot;:&quot;false&quot;}\" data-widget_type=\"text-editor.default\">\n\t\t\t\t\t\t\t\t\t<p>Meine Name ist <strong>Merle Jux<\/strong>, ich bin 32 Jahre alt, verheiratet und Mutter von zwei Kindern. Das Weser-Aktivhotel-Corvey wurde 2009 in den historischen Mauern des Schlosses Corvey erbaut. Seit 2020 f\u00fchre ich das Hotel. Ein Ort, der f\u00fcr mich weit mehr ist als nur ein Hotel ist.<\/p><p>Meine Geschichte mit diesem Haus begann allerdings schon einige Jahre fr\u00fcher. Ich habe bereits hier gearbeitet und so das Hotel, die G\u00e4ste und die besondere Atmosph\u00e4re kennengelernt.<\/p><p>Als sich 2020 die M\u00f6glichkeit ergab den Betrieb zu \u00fcbernehmen, war die Welt mitten in der Corona-Pandemie. Eine Zeit voller Unsicherheit. Niemand wusste, wie es weitergehen w\u00fcrde. Auch ich hatte viele Fragen im Kopf. Sollte ich dieses Wagnis wirklich eingehen? Ein Hotel <br \/>\u00fcbernehmen, mitten in der Krise?<\/p><p>Es war keine leichte Entscheidung. Aber am Ende habe ich mich f\u00fcr den Mut entschieden und f\u00fcr diesen Ort, der mir so am Herzen liegt.<\/p><p>Doch hinter meinem Hotel steckt vor allem eines: Familie <\/p><p>Meine Mutter kennt den Betrieb fast von Anfang an und hat hier viele Jahre gearbeitet. Heute unterst\u00fctzt sie mich nicht nur im Hotel, sondern ist auch hinter den Kulissen eine gro\u00dfe St\u00fctze f\u00fcr mich. Besonders dann, wenn es darum geht, Familie und Hotelalltag miteinander zu verbinden.<\/p><p><br \/>Eine ganz besondere Rolle spielt auch mein Mann. W\u00e4hrend ich mich um den Hotelbetrieb k\u00fcmmere, arbeitet er selbst Vollzeit in einem anderen Betrieb und ist trotzdem immer da, wenn Hilfe gebraucht wird.<\/p><p>Ohne seine Unterst\u00fctzung w\u00e4re vieles nicht m\u00f6glich. Gemeinsam mit unseren Kindern h\u00e4lt er mir den R\u00fccken frei und hilft wo er nur kann. Besonders bei unserem beliebten Grillbuffet steht er mit viel Freude am Grill.<\/p><p>So ist das Weser-Aktivhotel-Corvey f\u00fcr uns zu einem echten Familienprojekt geworden.<\/p><p>Zwischen Hotelbetrieb, Familienleben und vielen kleinen und gro\u00dfen Momenten im Alltag geben wir <br \/>jeden Tag unser Bestes, damit sich unsere G\u00e4ste willkommen f\u00fchlen, fast so, als w\u00e4re man bei <br \/>Freunden zu Besuch.<\/p>\t\t\t\t\t\t\t\t<\/div>\n\t\t\t\t<div class=\"elementor-element elementor-element-111baeb elementor-widget__width-inherit elementor-widget elementor-widget-text-editor\" data-id=\"111baeb\" data-element_type=\"widget\" data-e-type=\"widget\" data-settings=\"{&quot;hoteller_ext_link_sidemenu&quot;:&quot;false&quot;,&quot;hoteller_ext_link_fullmenu&quot;:&quot;false&quot;,&quot;hoteller_ext_link_closed_fullmenu&quot;:&quot;false&quot;,&quot;hoteller_ext_is_scrollme&quot;:&quot;false&quot;,&quot;hoteller_ext_is_smoove&quot;:&quot;false&quot;,&quot;hoteller_ext_is_parallax_mouse&quot;:&quot;false&quot;,&quot;hoteller_ext_is_infinite&quot;:&quot;false&quot;,&quot;hoteller_ext_is_fadeout_animation&quot;:&quot;false&quot;,&quot;hoteller_ext_mobile_static&quot;:&quot;false&quot;}\" data-widget_type=\"text-editor.default\">\n\t\t\t\t\t\t\t\t\t<p>Wir freuen uns sehr darauf, euch im Weser-Aktivhotel-Corvey begr\u00fc\u00dfen zu d\u00fcrfen<br \/><strong>Familie Jux<\/strong><\/p>\t\t\t\t\t\t\t\t<\/div>\n\t\t\t\t<div class=\"elementor-element elementor-element-d7a7233 elementor-widget elementor-widget-image\" data-id=\"d7a7233\" data-element_type=\"widget\" data-e-type=\"widget\" data-settings=\"{&quot;hoteller_image_is_animation&quot;:&quot;false&quot;,&quot;hoteller_ext_link_sidemenu&quot;:&quot;false&quot;,&quot;hoteller_ext_link_fullmenu&quot;:&quot;false&quot;,&quot;hoteller_ext_link_closed_fullmenu&quot;:&quot;false&quot;,&quot;hoteller_ext_is_scrollme&quot;:&quot;false&quot;,&quot;hoteller_ext_is_smoove&quot;:&quot;false&quot;,&quot;hoteller_ext_is_parallax_mouse&quot;:&quot;false&quot;,&quot;hoteller_ext_is_infinite&quot;:&quot;false&quot;,&quot;hoteller_ext_is_fadeout_animation&quot;:&quot;false&quot;,&quot;hoteller_ext_mobile_static&quot;:&quot;false&quot;}\" data-widget_type=\"image.default\">\n\t\t\t\t\t\t\t\t\t\t\t\t\t\t\t<img fetchpriority=\"high\" decoding=\"async\" width=\"225\" height=\"300\" src=\"https:\/\/weser-aktivhotel-corvey.de\/wp-content\/uploads\/2026\/03\/Ueber-uns-225x300.jpg\" class=\"attachment-medium size-medium wp-image-1176\" alt=\"\" srcset=\"https:\/\/weser-aktivhotel-corvey.de\/wp-content\/uploads\/2026\/03\/Ueber-uns-225x300.jpg 225w, https:\/\/weser-aktivhotel-corvey.de\/wp-content\/uploads\/2026\/03\/Ueber-uns-768x1024.jpg 768w, https:\/\/weser-aktivhotel-corvey.de\/wp-content\/uploads\/2026\/03\/Ueber-uns-1152x1536.jpg 1152w, https:\/\/weser-aktivhotel-corvey.de\/wp-content\/uploads\/2026\/03\/Ueber-uns-1536x2048.jpg 1536w, https:\/\/weser-aktivhotel-corvey.de\/wp-content\/uploads\/2026\/03\/Ueber-uns-9x12.jpg 9w, https:\/\/weser-aktivhotel-corvey.de\/wp-content\/uploads\/2026\/03\/Ueber-uns-440x587.jpg 440w, https:\/\/weser-aktivhotel-corvey.de\/wp-content\/uploads\/2026\/03\/Ueber-uns-scaled.jpg 1920w\" sizes=\"(max-width: 225px) 100vw, 225px\" \/>\t\t\t\t\t\t\t\t\t\t\t\t\t\t\t<\/div>\n\t\t\t\t\t<\/div>\n\t\t\t\t<\/div>\n\t\t\t\t<\/div>","protected":false},"excerpt":{"rendered":"<p>Mit Mut begonnen, mit Herz gef\u00fchrt Manchmal beginnt eine neue Geschichte genau dann, wenn die Zeiten am unsichersten sind. Meine Name ist Merle Jux, ich bin 32 Jahre alt, verheiratet und Mutter von zwei Kindern. Das Weser-Aktivhotel-Corvey wurde 2009 in [&hellip;]<\/p>\n","protected":false},"author":1,"featured_media":0,"parent":0,"menu_order":0,"comment_status":"closed","ping_status":"closed","template":"elementor_header_footer","meta":{"footnotes":""},"class_list":["post-436","page","type-page","status-publish","hentry"],"_links":{"self":[{"href":"https:\/\/weser-aktivhotel-corvey.de\/en\/wp-json\/wp\/v2\/pages\/436","targetHints":{"allow":["GET"]}}],"collection":[{"href":"https:\/\/weser-aktivhotel-corvey.de\/en\/wp-json\/wp\/v2\/pages"}],"about":[{"href":"https:\/\/weser-aktivhotel-corvey.de\/en\/wp-json\/wp\/v2\/types\/page"}],"author":[{"embeddable":true,"href":"https:\/\/weser-aktivhotel-corvey.de\/en\/wp-json\/wp\/v2\/users\/1"}],"replies":[{"embeddable":true,"href":"https:\/\/weser-aktivhotel-corvey.de\/en\/wp-json\/wp\/v2\/comments?post=436"}],"version-history":[{"count":20,"href":"https:\/\/weser-aktivhotel-corvey.de\/en\/wp-json\/wp\/v2\/pages\/436\/revisions"}],"predecessor-version":[{"id":1179,"href":"https:\/\/weser-aktivhotel-corvey.de\/en\/wp-json\/wp\/v2\/pages\/436\/revisions\/1179"}],"wp:attachment":[{"href":"https:\/\/weser-aktivhotel-corvey.de\/en\/wp-json\/wp\/v2\/media?parent=436"}],"curies":[{"name":"wp","href":"https:\/\/api.w.org\/{rel}","templated":true}]}}