{"id":1005,"date":"2026-02-17T09:06:35","date_gmt":"2026-02-17T09:06:35","guid":{"rendered":"https:\/\/weser-aktivhotel-corvey.de\/?page_id=1005"},"modified":"2026-03-19T16:59:05","modified_gmt":"2026-03-19T16:59:05","slug":"betriebsausflug","status":"publish","type":"page","link":"https:\/\/weser-aktivhotel-corvey.de\/en\/betriebsausflug\/","title":{"rendered":"Betriebsausflug"},"content":{"rendered":"<div data-elementor-type=\"wp-page\" data-elementor-id=\"1005\" class=\"elementor elementor-1005\">\n\t\t\t\t<div class=\"elementor-element elementor-element-aa79e8d e-flex e-con-boxed e-con e-parent\" data-id=\"aa79e8d\" data-element_type=\"container\" data-e-type=\"container\" data-settings=\"{&quot;hoteller_ext_is_background_parallax&quot;:&quot;false&quot;,&quot;hoteller_ext_is_background_backdrop&quot;:&quot;false&quot;,&quot;hoteller_ext_is_background_on_scroll&quot;:&quot;false&quot;,&quot;hoteller_ext_link_sidemenu&quot;:&quot;false&quot;,&quot;hoteller_ext_link_fullmenu&quot;:&quot;false&quot;,&quot;hoteller_ext_link_closed_fullmenu&quot;:&quot;false&quot;,&quot;hoteller_ext_is_scrollme&quot;:&quot;false&quot;,&quot;hoteller_ext_is_smoove&quot;:&quot;false&quot;,&quot;hoteller_ext_is_parallax_mouse&quot;:&quot;false&quot;,&quot;hoteller_ext_is_infinite&quot;:&quot;false&quot;,&quot;hoteller_ext_is_fadeout_animation&quot;:&quot;false&quot;,&quot;hoteller_ext_mobile_static&quot;:&quot;false&quot;}\">\n\t\t\t\t\t<div class=\"e-con-inner\">\n\t\t\t\t<div class=\"elementor-element elementor-element-fe02d71 elementor-widget elementor-widget-heading\" data-id=\"fe02d71\" data-element_type=\"widget\" data-e-type=\"widget\" data-settings=\"{&quot;hoteller_ext_link_sidemenu&quot;:&quot;false&quot;,&quot;hoteller_ext_link_fullmenu&quot;:&quot;false&quot;,&quot;hoteller_ext_link_closed_fullmenu&quot;:&quot;false&quot;,&quot;hoteller_ext_is_scrollme&quot;:&quot;false&quot;,&quot;hoteller_ext_is_smoove&quot;:&quot;false&quot;,&quot;hoteller_ext_is_parallax_mouse&quot;:&quot;false&quot;,&quot;hoteller_ext_is_infinite&quot;:&quot;false&quot;,&quot;hoteller_ext_is_fadeout_animation&quot;:&quot;false&quot;,&quot;hoteller_ext_mobile_static&quot;:&quot;false&quot;}\" data-widget_type=\"heading.default\">\n\t\t\t\t\t<div class=\"elementor-heading-title elementor-size-default\">Teamgeist st\u00e4rken. Aktiv sein. Gemeinsam Genie\u00dfen<\/div>\t\t\t\t<\/div>\n\t\t\t\t<div class=\"elementor-element elementor-element-6631d66 elementor-widget elementor-widget-heading\" data-id=\"6631d66\" data-element_type=\"widget\" data-e-type=\"widget\" data-settings=\"{&quot;hoteller_ext_link_sidemenu&quot;:&quot;false&quot;,&quot;hoteller_ext_link_fullmenu&quot;:&quot;false&quot;,&quot;hoteller_ext_link_closed_fullmenu&quot;:&quot;false&quot;,&quot;hoteller_ext_is_scrollme&quot;:&quot;false&quot;,&quot;hoteller_ext_is_smoove&quot;:&quot;false&quot;,&quot;hoteller_ext_is_parallax_mouse&quot;:&quot;false&quot;,&quot;hoteller_ext_is_infinite&quot;:&quot;false&quot;,&quot;hoteller_ext_is_fadeout_animation&quot;:&quot;false&quot;,&quot;hoteller_ext_mobile_static&quot;:&quot;false&quot;}\" data-widget_type=\"heading.default\">\n\t\t\t\t\t<h1 class=\"elementor-heading-title elementor-size-default\">Unser Angebot f\u00fcr Betriebsausfl\u00fcge<\/h1>\t\t\t\t<\/div>\n\t\t\t\t\t<\/div>\n\t\t\t\t<\/div>\n\t\t<div class=\"elementor-element elementor-element-c6e8325 e-con-full e-flex e-con e-parent\" data-id=\"c6e8325\" data-element_type=\"container\" data-e-type=\"container\" data-settings=\"{&quot;hoteller_ext_is_background_parallax&quot;:&quot;false&quot;,&quot;hoteller_ext_is_background_backdrop&quot;:&quot;false&quot;,&quot;hoteller_ext_is_background_on_scroll&quot;:&quot;false&quot;,&quot;hoteller_ext_link_sidemenu&quot;:&quot;false&quot;,&quot;hoteller_ext_link_fullmenu&quot;:&quot;false&quot;,&quot;hoteller_ext_link_closed_fullmenu&quot;:&quot;false&quot;,&quot;hoteller_ext_is_scrollme&quot;:&quot;false&quot;,&quot;hoteller_ext_is_smoove&quot;:&quot;false&quot;,&quot;hoteller_ext_is_parallax_mouse&quot;:&quot;false&quot;,&quot;hoteller_ext_is_infinite&quot;:&quot;false&quot;,&quot;hoteller_ext_is_fadeout_animation&quot;:&quot;false&quot;,&quot;hoteller_ext_mobile_static&quot;:&quot;false&quot;}\">\n\t\t\t\t<div class=\"elementor-element elementor-element-b240b5f elementor-widget elementor-widget-hoteller-gallery-horizontal\" data-id=\"b240b5f\" data-element_type=\"widget\" data-e-type=\"widget\" data-settings=\"{&quot;hoteller_ext_link_sidemenu&quot;:&quot;false&quot;,&quot;hoteller_ext_link_fullmenu&quot;:&quot;false&quot;,&quot;hoteller_ext_link_closed_fullmenu&quot;:&quot;false&quot;,&quot;hoteller_ext_is_scrollme&quot;:&quot;false&quot;,&quot;hoteller_ext_is_smoove&quot;:&quot;false&quot;,&quot;hoteller_ext_is_parallax_mouse&quot;:&quot;false&quot;,&quot;hoteller_ext_is_infinite&quot;:&quot;false&quot;,&quot;hoteller_ext_is_fadeout_animation&quot;:&quot;false&quot;,&quot;hoteller_ext_mobile_static&quot;:&quot;false&quot;}\" data-widget_type=\"hoteller-gallery-horizontal.default\">\n\t\t\t\t<div class=\"elementor-widget-container\">\n\t\t\t\t\t<div class=\"tg_horizontal_gallery_wrapper\" data-autoplay=\"0\" data-loop=\"0\" data-navigation=\"1\" data-pagination=\"0\" data-parallax=\"0\" data-fullscreen=\"0\">\n\t\t<div class=\"tg_horizontal_gallery_cell\" style=\"margin-right:40px\">\n\t\t\t\t\t\t<img class=\"tg_horizontal_gallery_cell_img\" data-flickity-lazyload=\"https:\/\/weser-aktivhotel-corvey.de\/wp-content\/uploads\/2026\/02\/Betriebsausflug.jpg\" alt=\"\" style=\"height:600px;\" \/>\n\t\t\t\t\t<\/div>\n\t\t<div class=\"tg_horizontal_gallery_cell\" style=\"margin-right:40px\">\n\t\t\t\t\t\t<img class=\"tg_horizontal_gallery_cell_img\" data-flickity-lazyload=\"https:\/\/weser-aktivhotel-corvey.de\/wp-content\/uploads\/2026\/02\/Betriebsausflug-2-1024x768.jpg\" alt=\"\" style=\"height:600px;\" \/>\n\t\t\t\t\t<\/div>\n\t\t<div class=\"tg_horizontal_gallery_cell\" style=\"margin-right:40px\">\n\t\t\t\t\t\t<img class=\"tg_horizontal_gallery_cell_img\" data-flickity-lazyload=\"https:\/\/weser-aktivhotel-corvey.de\/wp-content\/uploads\/2026\/02\/Betriebsausflug-3-1024x768.jpg\" alt=\"\" style=\"height:600px;\" \/>\n\t\t\t\t\t<\/div>\n<\/div>\n\t\t\t\t<\/div>\n\t\t\t\t<\/div>\n\t\t\t\t<\/div>\n\t\t<div class=\"elementor-element elementor-element-a4d3866 e-flex e-con-boxed e-con e-parent\" data-id=\"a4d3866\" data-element_type=\"container\" data-e-type=\"container\" data-settings=\"{&quot;hoteller_ext_is_background_parallax&quot;:&quot;false&quot;,&quot;hoteller_ext_is_background_backdrop&quot;:&quot;false&quot;,&quot;hoteller_ext_is_background_on_scroll&quot;:&quot;false&quot;,&quot;hoteller_ext_link_sidemenu&quot;:&quot;false&quot;,&quot;hoteller_ext_link_fullmenu&quot;:&quot;false&quot;,&quot;hoteller_ext_link_closed_fullmenu&quot;:&quot;false&quot;,&quot;hoteller_ext_is_scrollme&quot;:&quot;false&quot;,&quot;hoteller_ext_is_smoove&quot;:&quot;false&quot;,&quot;hoteller_ext_is_parallax_mouse&quot;:&quot;false&quot;,&quot;hoteller_ext_is_infinite&quot;:&quot;false&quot;,&quot;hoteller_ext_is_fadeout_animation&quot;:&quot;false&quot;,&quot;hoteller_ext_mobile_static&quot;:&quot;false&quot;}\">\n\t\t\t\t\t<div class=\"e-con-inner\">\n\t\t\t\t<div class=\"elementor-element elementor-element-cc3d839 elementor-widget elementor-widget-heading\" data-id=\"cc3d839\" data-element_type=\"widget\" data-e-type=\"widget\" data-settings=\"{&quot;hoteller_ext_link_sidemenu&quot;:&quot;false&quot;,&quot;hoteller_ext_link_fullmenu&quot;:&quot;false&quot;,&quot;hoteller_ext_link_closed_fullmenu&quot;:&quot;false&quot;,&quot;hoteller_ext_is_scrollme&quot;:&quot;false&quot;,&quot;hoteller_ext_is_smoove&quot;:&quot;false&quot;,&quot;hoteller_ext_is_parallax_mouse&quot;:&quot;false&quot;,&quot;hoteller_ext_is_infinite&quot;:&quot;false&quot;,&quot;hoteller_ext_is_fadeout_animation&quot;:&quot;false&quot;,&quot;hoteller_ext_mobile_static&quot;:&quot;false&quot;}\" data-widget_type=\"heading.default\">\n\t\t\t\t\t<h2 class=\"elementor-heading-title elementor-size-default\">Aktiv &amp; Gemeinschaftlich<\/h2>\t\t\t\t<\/div>\n\t\t\t\t<div class=\"elementor-element elementor-element-5d68d00 elementor-widget__width-inherit elementor-widget elementor-widget-text-editor\" data-id=\"5d68d00\" data-element_type=\"widget\" data-e-type=\"widget\" data-settings=\"{&quot;hoteller_ext_link_sidemenu&quot;:&quot;false&quot;,&quot;hoteller_ext_link_fullmenu&quot;:&quot;false&quot;,&quot;hoteller_ext_link_closed_fullmenu&quot;:&quot;false&quot;,&quot;hoteller_ext_is_scrollme&quot;:&quot;false&quot;,&quot;hoteller_ext_is_smoove&quot;:&quot;false&quot;,&quot;hoteller_ext_is_parallax_mouse&quot;:&quot;false&quot;,&quot;hoteller_ext_is_infinite&quot;:&quot;false&quot;,&quot;hoteller_ext_is_fadeout_animation&quot;:&quot;false&quot;,&quot;hoteller_ext_mobile_static&quot;:&quot;false&quot;}\" data-widget_type=\"text-editor.default\">\n\t\t\t\t\t\t\t\t\t<p>Ein gelungener Betriebsausflug braucht <b>Bewegung, Gemeinschaft und einen entspannten Ausklang<\/b>.<span class=\"Apple-converted-space\">\u00a0<\/span><\/p><p>Veranstalten Sie Ihren Betriebsausflug an einem Ort, der Erlebnis, Natur und Genuss perfekt verbindet.<span class=\"Apple-converted-space\">\u00a0<\/span><\/p><p>Erleben Sie mit ihrem Team Kanu- und Schlauchboottouren auf der Weser, Bogenschie\u00dfen und spannende Outdoor-Aktivit\u00e4ten. Entspannen Sie anschlie\u00dfend bei unserem beliebten Grillbuffet, mit Fleisch aus der Region, hausgemachten Salaten und Beilagen, auf unserer Terrasse mit k\u00fchlen Getr\u00e4nken.<span class=\"Apple-converted-space\">\u00a0<\/span><\/p><p><b>Aktivprogramm mit Krome Kanu<span class=\"Apple-converted-space\">\u00a0<\/span><\/b><b><\/b><\/p><p>Betriebsausfl\u00fcge finden bei uns meist in Kombination mit dem direkt angrenzenden Kanuverleih Krome Kanu statt.<span class=\"Apple-converted-space\">\u00a0<\/span><\/p><p>Je nach Wunsch und Gruppengr\u00f6\u00dfe haben Sie die Wahl zwischen:<span class=\"Apple-converted-space\">\u00a0<\/span><\/p><ul><li>Einer Kanufahrt auf der Weser (2-6 Stunden)<\/li><li>Einer Schlauchbootfahrt mit bis zu 12 Personen pro Schlauchboot (2-6 Stunden)<\/li><li>Bogenschie\u00dfen vor Ort<\/li><li>Flo\u00dfbau am Godelheimer See\u00a0<\/li><\/ul><p><b>Preise Beispiel:<span class=\"Apple-converted-space\">\u00a0<\/span><\/b><b><\/b><\/p><p>Kanutour von Corvey-Heinsen, Dauer i.d.R. 3-4 Stunden, Strecke 19 km, 3er-Kanadier: 70,00\u20ac<span class=\"Apple-converted-space\">\u00a0<\/span><\/p><p>Schlauchboottour von Beverungen-Corvey, Dauer i.d.R. 3-4 Stunden, Strecke 18 km, Schlauchboot max. 10 Personen: 190,00\u20ac<span class=\"Apple-converted-space\">\u00a0<\/span><\/p><p><b>Genussvoller Abschluss im Hotel<span class=\"Apple-converted-space\">\u00a0<\/span><\/b><b><\/b><\/p><p>Nach der Aktivit\u00e4t geht es zur\u00fcck ins Weser-Aktivhotel-Corvey. Hier erwartet Sie unser beliebtes Grillbuffet mit Fleisch aus der Region und Auswahl f\u00fcr Vegetarier.<span class=\"Apple-converted-space\">\u00a0<\/span><\/p><p>In entspannter Atmosph\u00e4re k\u00f6nnen Sie bei leckerem Essen, k\u00fchlen Getr\u00e4nken und guten Gespr\u00e4chen den Tag gemeinsam ausklingen lassen.<span class=\"Apple-converted-space\">\u00a0<\/span><\/p><p><b>Grillbuffet: <\/b>22,50\u20ac p.P. \/ 20,50\u20ac p.P. Vegetarier \/ 10,00\u20ac p.P. Kinder bis 13 Jahre<span class=\"Apple-converted-space\">\u00a0<\/span><\/p><p><b>TIPP: <\/b>Sie k\u00f6nnen auch vor Ihrer Kanutour unser Fr\u00fchst\u00fccksbuffet buchen.<span class=\"Apple-converted-space\">\u00a0<\/span><\/p><p><b>Fr\u00fchst\u00fcck: <\/b>12,00\u20ac p.P.<span class=\"Apple-converted-space\">\u00a0<\/span><\/p><p><b>Flexibel &amp; Individuell<span class=\"Apple-converted-space\">\u00a0<\/span><\/b><b><\/b><\/p><p>Ideal f\u00fcr Betriebe aus der Region k\u00f6nnen die Betriebsausfl\u00fcge ohne \u00dcbernachtung, <b>als Tagesausflug<\/b>, stattfinden. Gern k\u00f6nnen wir auch Ihren Betriebsausflug, <b>als Mehrtagesaufenthalt<\/b>, mit \u00dcbernachtung kombinieren.<span class=\"Apple-converted-space\">\u00a0<\/span><\/p><p>Nicht alle im Team sind gerne auf dem Wasser unterwegs ? Wir haben die L\u00f6sung. Das Programm kann auch mit einem Schnupperkurs im Bogenschie\u00dfen vor Ort, einer Schlossbesichtigung oder mit Outdoorspielen bei uns am Haus gef\u00fcllt werden<span class=\"Apple-converted-space\">\u00a0<\/span><\/p><p>Wir beraten Sie gern pers\u00f6nlich, erstellen ein <b>ma\u00dfgeschneidertes Programm <\/b>und k\u00fcmmern uns um die komplette Organisation. So bleibt Ihnen nur eines: <b>den Ausflug genie\u00dfen.<span class=\"Apple-converted-space\">\u00a0<\/span><\/b><\/p>\t\t\t\t\t\t\t\t<\/div>\n\t\t\t\t<div class=\"elementor-element elementor-element-8b55030 elementor-align-center elementor-widget elementor-widget-button\" data-id=\"8b55030\" data-element_type=\"widget\" data-e-type=\"widget\" data-settings=\"{&quot;hoteller_ext_link_sidemenu&quot;:&quot;false&quot;,&quot;hoteller_ext_link_fullmenu&quot;:&quot;false&quot;,&quot;hoteller_ext_link_closed_fullmenu&quot;:&quot;false&quot;,&quot;hoteller_ext_is_scrollme&quot;:&quot;false&quot;,&quot;hoteller_ext_is_smoove&quot;:&quot;false&quot;,&quot;hoteller_ext_is_parallax_mouse&quot;:&quot;false&quot;,&quot;hoteller_ext_is_infinite&quot;:&quot;false&quot;,&quot;hoteller_ext_is_fadeout_animation&quot;:&quot;false&quot;,&quot;hoteller_ext_mobile_static&quot;:&quot;false&quot;}\" data-widget_type=\"button.default\">\n\t\t\t\t\t\t\t\t\t\t<a class=\"elementor-button elementor-button-link elementor-size-sm\" href=\"https:\/\/weser-aktivhotel-corvey.de\/en\/kontakt\/\">\n\t\t\t\t\t\t<span class=\"elementor-button-content-wrapper\">\n\t\t\t\t\t\t<span class=\"elementor-button-icon\">\n\t\t\t\t<svg aria-hidden=\"true\" class=\"e-font-icon-svg e-far-paper-plane\" viewbox=\"0 0 512 512\" xmlns=\"http:\/\/www.w3.org\/2000\/svg\"><path d=\"M440 6.5L24 246.4c-34.4 19.9-31.1 70.8 5.7 85.9L144 379.6V464c0 46.4 59.2 65.5 86.6 28.6l43.8-59.1 111.9 46.2c5.9 2.4 12.1 3.6 18.3 3.6 8.2 0 16.3-2.1 23.6-6.2 12.8-7.2 21.6-20 23.9-34.5l59.4-387.2c6.1-40.1-36.9-68.8-71.5-48.9zM192 464v-64.6l36.6 15.1L192 464zm212.6-28.7l-153.8-63.5L391 169.5c10.7-15.5-9.5-33.5-23.7-21.2L155.8 332.6 48 288 464 48l-59.4 387.3z\"><\/path><\/svg>\t\t\t<\/span>\n\t\t\t\t\t\t\t\t\t<span class=\"elementor-button-text\">Jetzt direkt anfragen<\/span>\n\t\t\t\t\t<\/span>\n\t\t\t\t\t<\/a>\n\t\t\t\t\t\t\t\t<\/div>\n\t\t\t\t\t<\/div>\n\t\t\t\t<\/div>\n\t\t\t\t<\/div>","protected":false},"excerpt":{"rendered":"<p>Teamgeist st\u00e4rken. Aktiv sein. Gemeinsam Genie\u00dfen Unser Angebot f\u00fcr Betriebsausfl\u00fcge Aktiv &amp; Gemeinschaftlich Ein gelungener Betriebsausflug braucht Bewegung, Gemeinschaft und einen entspannten Ausklang.\u00a0 Veranstalten Sie Ihren Betriebsausflug an einem Ort, der Erlebnis, Natur und Genuss perfekt verbindet.\u00a0 Erleben Sie mit [&hellip;]<\/p>\n","protected":false},"author":1,"featured_media":0,"parent":0,"menu_order":0,"comment_status":"closed","ping_status":"closed","template":"elementor_header_footer","meta":{"footnotes":""},"class_list":["post-1005","page","type-page","status-publish","hentry"],"_links":{"self":[{"href":"https:\/\/weser-aktivhotel-corvey.de\/en\/wp-json\/wp\/v2\/pages\/1005","targetHints":{"allow":["GET"]}}],"collection":[{"href":"https:\/\/weser-aktivhotel-corvey.de\/en\/wp-json\/wp\/v2\/pages"}],"about":[{"href":"https:\/\/weser-aktivhotel-corvey.de\/en\/wp-json\/wp\/v2\/types\/page"}],"author":[{"embeddable":true,"href":"https:\/\/weser-aktivhotel-corvey.de\/en\/wp-json\/wp\/v2\/users\/1"}],"replies":[{"embeddable":true,"href":"https:\/\/weser-aktivhotel-corvey.de\/en\/wp-json\/wp\/v2\/comments?post=1005"}],"version-history":[{"count":13,"href":"https:\/\/weser-aktivhotel-corvey.de\/en\/wp-json\/wp\/v2\/pages\/1005\/revisions"}],"predecessor-version":[{"id":1192,"href":"https:\/\/weser-aktivhotel-corvey.de\/en\/wp-json\/wp\/v2\/pages\/1005\/revisions\/1192"}],"wp:attachment":[{"href":"https:\/\/weser-aktivhotel-corvey.de\/en\/wp-json\/wp\/v2\/media?parent=1005"}],"curies":[{"name":"wp","href":"https:\/\/api.w.org\/{rel}","templated":true}]}}